{"id":2,"date":"2016-05-10T03:48:21","date_gmt":"2016-05-10T03:48:21","guid":{"rendered":"http:\/\/balmehus.ch\/?page_id=2"},"modified":"2018-01-15T01:21:02","modified_gmt":"2018-01-15T00:21:02","slug":"sample-page","status":"publish","type":"page","link":"https:\/\/balmehus.ch\/?page_id=2","title":{"rendered":"Reservation"},"content":{"rendered":"<p><strong>Ihre Buchungsanfragen k\u00f6nnen Sie gerne im Buchungskalender eintragen.<\/strong><\/p>\n<p>Bitte beachten Sie:<\/p>\n<ul>\n<li>Wir vermieten in der Regel von Samstag bis Samstag.<\/li>\n<li>Die&nbsp;Wohnung kann am ersten Tag ab 15 Uhr bezogen werden und muss am letzten Tag bis 10 Uhr freigegeben sein.<\/li>\n<li>W\u00e4hlen Sie f\u00fcr die Buchungsanfrage einfach die gew\u00fcnschten Wochentage und die Kontaktfelder im Formular aus und klicken Sie auf &#8222;senden&#8220;.<\/li>\n<li>Den Samstag der Abgabe m\u00fcssen Sie nicht buchen. F\u00fcr Ihre Buchungsanfrage w\u00e4hlen Sie bitte jeweils von Samstag bis und mit Freitag vor der Abgabe aus.&nbsp;<\/li>\n<li>Die Buchung ist keine definitive Zusage. Wir pr\u00fcfen Ihre Buchungsanfrage und best\u00e4tigen Ihnen anschliessend sofern m\u00f6glich Ihre Anfrage.<\/li>\n<\/ul>\n<p>F\u00fcr Anfragen bez\u00fcglich Ausnahmen verwenden Sie bitte [<a href=\"https:\/\/balmehus.ch\/?page_id=15\">dieses Kontaktformular<\/a>]<\/p>\n<p>&nbsp;<\/p>\n<p>&nbsp;<\/p>\n","protected":false},"excerpt":{"rendered":"<p>Ihre Buchungsanfragen k\u00f6nnen Sie gerne im Buchungskalender eintragen. Bitte beachten Sie: Wir vermieten in der Regel von Samstag bis Samstag.<\/p>\n","protected":false},"author":1,"featured_media":0,"parent":0,"menu_order":0,"comment_status":"closed","ping_status":"closed","template":"","meta":{"ngg_post_thumbnail":0,"footnotes":""},"class_list":["post-2","page","type-page","status-publish","hentry"],"_links":{"self":[{"href":"https:\/\/balmehus.ch\/index.php?rest_route=\/wp\/v2\/pages\/2","targetHints":{"allow":["GET"]}}],"collection":[{"href":"https:\/\/balmehus.ch\/index.php?rest_route=\/wp\/v2\/pages"}],"about":[{"href":"https:\/\/balmehus.ch\/index.php?rest_route=\/wp\/v2\/types\/page"}],"author":[{"embeddable":true,"href":"https:\/\/balmehus.ch\/index.php?rest_route=\/wp\/v2\/users\/1"}],"replies":[{"embeddable":true,"href":"https:\/\/balmehus.ch\/index.php?rest_route=%2Fwp%2Fv2%2Fcomments&post=2"}],"version-history":[{"count":19,"href":"https:\/\/balmehus.ch\/index.php?rest_route=\/wp\/v2\/pages\/2\/revisions"}],"predecessor-version":[{"id":339,"href":"https:\/\/balmehus.ch\/index.php?rest_route=\/wp\/v2\/pages\/2\/revisions\/339"}],"wp:attachment":[{"href":"https:\/\/balmehus.ch\/index.php?rest_route=%2Fwp%2Fv2%2Fmedia&parent=2"}],"curies":[{"name":"wp","href":"https:\/\/api.w.org\/{rel}","templated":true}]}}