{"id":28,"date":"2018-01-08T06:37:48","date_gmt":"2018-01-08T06:37:48","guid":{"rendered":"http:\/\/balmehus.ch\/?page_id=28"},"modified":"2024-01-02T08:27:39","modified_gmt":"2024-01-02T07:27:39","slug":"ausstattung","status":"publish","type":"page","link":"https:\/\/balmehus.ch\/?page_id=28","title":{"rendered":"Allgemeines"},"content":{"rendered":"<p><img loading=\"lazy\" decoding=\"async\" class=\"alignnone size-full wp-image-169\" src=\"https:\/\/balmehus.ch\/wp-content\/uploads\/2018\/01\/5Personen.png\" alt=\"\" width=\"61\" height=\"61\" \/> <img loading=\"lazy\" decoding=\"async\" class=\"alignnone size-medium wp-image-171\" src=\"https:\/\/balmehus.ch\/wp-content\/uploads\/2018\/01\/Doppelbett.png\" alt=\"\" width=\"61\" height=\"61\" \/>\u00a0<img loading=\"lazy\" decoding=\"async\" class=\"alignnone size-medium wp-image-172\" src=\"https:\/\/balmehus.ch\/wp-content\/uploads\/2018\/01\/Einzellbett.png\" alt=\"\" width=\"61\" height=\"61\" \/>\u00a0<img loading=\"lazy\" decoding=\"async\" class=\"alignnone size-medium wp-image-175\" src=\"https:\/\/balmehus.ch\/wp-content\/uploads\/2018\/01\/Stockbett.png\" alt=\"\" width=\"61\" height=\"61\" \/>\u00a0<img loading=\"lazy\" decoding=\"async\" class=\"alignnone size-medium wp-image-178\" src=\"https:\/\/balmehus.ch\/wp-content\/uploads\/2018\/01\/Wohnen.png\" alt=\"\" width=\"61\" height=\"61\" \/>\u00a0<img loading=\"lazy\" decoding=\"async\" class=\"alignnone size-medium wp-image-174\" src=\"https:\/\/balmehus.ch\/wp-content\/uploads\/2018\/01\/Kochen.png\" alt=\"\" width=\"61\" height=\"61\" \/>\u00a0<img loading=\"lazy\" decoding=\"async\" class=\"alignnone size-medium wp-image-177\" src=\"https:\/\/balmehus.ch\/wp-content\/uploads\/2018\/01\/Waschen.png\" alt=\"\" width=\"61\" height=\"61\" \/>\u00a0<img loading=\"lazy\" decoding=\"async\" class=\"alignnone size-medium wp-image-170\" src=\"https:\/\/balmehus.ch\/wp-content\/uploads\/2018\/01\/Balkon.png\" alt=\"\" width=\"61\" height=\"61\" \/> <img loading=\"lazy\" decoding=\"async\" class=\"alignnone size-medium wp-image-173\" src=\"https:\/\/balmehus.ch\/wp-content\/uploads\/2018\/01\/Garage.png\" alt=\"\" width=\"61\" height=\"61\" \/>\u00a0<img loading=\"lazy\" decoding=\"async\" class=\"alignnone size-medium wp-image-176\" src=\"https:\/\/balmehus.ch\/wp-content\/uploads\/2018\/01\/Talstation.png\" alt=\"\" width=\"60\" height=\"61\" \/>\u00a0<a href=\"https:\/\/balmehus.ch\/?attachment_id=189\" rel=\"attachment wp-att-189\"><img loading=\"lazy\" decoding=\"async\" class=\"alignnone size-full wp-image-189\" src=\"https:\/\/balmehus.ch\/wp-content\/uploads\/2018\/01\/HaustiereNein-1.png\" alt=\"\" width=\"61\" height=\"61\" \/><\/a><\/p>\n<p>Die Wohnung verf\u00fcgt \u00fcber zwei Schlafzimmer, einen grossz\u00fcgigen Wohnbereich, eine K\u00fcche, ein neues Badezimmer mit Dusche sowie \u00fcber einen grossen Balkon.<\/p>\n<p>Im Keller gibt es einen Aufenthaltsraum, Schuhraum und Waschk\u00fcche. Beim Zugang ist eine eigene Garage und der Skiraum.<\/p>\n<p>Die Wohnung befindet sich in unmittelbarer N\u00e4he der Talstation <a href=\"https:\/\/lenk-bergbahnen.ch\/\" target=\"_blank\" rel=\"noopener\">Betelbergbahn<\/a> sowie dem Bus, welcher die gesamte Lenk bedient (gratis). <a href=\"https:\/\/www.google.ch\/search?q=einkaufsm%C3%B6glichkeiten+lenk&amp;rlz=1C1CHZL_deCH742CH742&amp;oq=einkaufsm%C3%B6glichkeiten+lenk&amp;aqs=chrome..69i57.5716j0j4&amp;sourceid=chrome&amp;ie=UTF-8\" target=\"_blank\" rel=\"noopener\">Einkaufsm\u00f6glichkeiten<\/a> sind gut zu Fuss oder mit dem Bus erreichbar.<\/p>\n<p>Die Wohnung ist ausgelegt f\u00fcr 5 Personen, es gibt ein Schlafzimmer mit einem Doppelbett sowie ein Schlafzimmer mit einem Einzel- und einem Doppelstockbett.<\/p>\n<p>Wir haben eine Nichtraucherwohnung und Tiere sind leider nicht erlaubt.<\/p>\n<p><img loading=\"lazy\" decoding=\"async\" class=\"alignleft size-full wp-image-334\" src=\"https:\/\/balmehus.ch\/wp-content\/uploads\/2018\/01\/GrundrissKl-800x600.png\" alt=\"\" width=\"684\" height=\"600\" srcset=\"https:\/\/balmehus.ch\/wp-content\/uploads\/2018\/01\/GrundrissKl-800x600.png 684w, https:\/\/balmehus.ch\/wp-content\/uploads\/2018\/01\/GrundrissKl-800x600-300x263.png 300w\" sizes=\"auto, (max-width: 684px) 100vw, 684px\" \/><\/p>\n","protected":false},"excerpt":{"rendered":"<p>\u00a0\u00a0\u00a0\u00a0\u00a0\u00a0 \u00a0\u00a0 Die Wohnung verf\u00fcgt \u00fcber zwei Schlafzimmer, einen grossz\u00fcgigen Wohnbereich, eine K\u00fcche, ein neues Badezimmer mit Dusche sowie \u00fcber<\/p>\n","protected":false},"author":1,"featured_media":0,"parent":0,"menu_order":0,"comment_status":"closed","ping_status":"closed","template":"","meta":{"ngg_post_thumbnail":0,"footnotes":""},"class_list":["post-28","page","type-page","status-publish","hentry"],"_links":{"self":[{"href":"https:\/\/balmehus.ch\/index.php?rest_route=\/wp\/v2\/pages\/28","targetHints":{"allow":["GET"]}}],"collection":[{"href":"https:\/\/balmehus.ch\/index.php?rest_route=\/wp\/v2\/pages"}],"about":[{"href":"https:\/\/balmehus.ch\/index.php?rest_route=\/wp\/v2\/types\/page"}],"author":[{"embeddable":true,"href":"https:\/\/balmehus.ch\/index.php?rest_route=\/wp\/v2\/users\/1"}],"replies":[{"embeddable":true,"href":"https:\/\/balmehus.ch\/index.php?rest_route=%2Fwp%2Fv2%2Fcomments&post=28"}],"version-history":[{"count":11,"href":"https:\/\/balmehus.ch\/index.php?rest_route=\/wp\/v2\/pages\/28\/revisions"}],"predecessor-version":[{"id":392,"href":"https:\/\/balmehus.ch\/index.php?rest_route=\/wp\/v2\/pages\/28\/revisions\/392"}],"wp:attachment":[{"href":"https:\/\/balmehus.ch\/index.php?rest_route=%2Fwp%2Fv2%2Fmedia&parent=28"}],"curies":[{"name":"wp","href":"https:\/\/api.w.org\/{rel}","templated":true}]}}