{"id":32,"date":"2018-01-08T06:48:12","date_gmt":"2018-01-08T06:48:12","guid":{"rendered":"http:\/\/balmehus.ch\/?page_id=32"},"modified":"2025-10-26T17:26:12","modified_gmt":"2025-10-26T16:26:12","slug":"preise","status":"publish","type":"page","link":"https:\/\/balmehus.ch\/?page_id=32","title":{"rendered":"Preise und AGB"},"content":{"rendered":"<p>Unsere Preise staffeln sich je nach Saison wie folgt:<\/p>\n<p>Kalenderwoche 1<br \/>\nCHF 150.- pro Tag<\/p>\n<p>Kalenderwoche 2 &#8211; 4<br \/>\nCHF 130.-\u00a0 pro Tag<\/p>\n<p>Kalenderwoche 5 &#8211; 10<br \/>\nCHF 150.- pro Tag<\/p>\n<p>Kalenderwoche 11 bis und mit Ostermontag<br \/>\nCHF 110.- pro Tag<\/p>\n<p>Nach Ostern bis Ende Juni<br \/>\nCHF 80.- pro Tag<\/p>\n<p>Kalenderwoche 27 &#8211; 32<br \/>\nCHF 100.- pro Tag<\/p>\n<p>Kalenderwoche 33 \u2013 47<br \/>\nCHF 80.- pro Tag<\/p>\n<p>Kalenderwoche 48 \u2013 51<br \/>\nCHF 110.-\u00a0 pro Tag<\/p>\n<p>Kalenderwoche 52<br \/>\nCHF 150.- pro Tag<\/p>\n<p>Zus\u00e4tzlich berechnet wird:<\/p>\n<ul>\n<li>Endreinigung CHF 95.-<\/li>\n<li>W\u00e4sche pro Bett\u00a0CHF 15.-<\/li>\n<li>Kurtaxe und Beherbergungsabgabe Erwachsene CHF 5.- + 1.- je Person<\/li>\n<li>Kurtaxe Kinder (6-15) CHF 2.50 je Person<\/li>\n<\/ul>\n<p><strong>Ferienwohnung Balme-Hus WH 10, Badstrasse 12, 3775 Lenk <\/strong><\/p>\n<p><strong>Allgemeine Vertragsbedingungen<\/strong><\/p>\n<p>1. Vertragsabschluss, Zahlungsbedingungen<br \/>\nDer Vertrag zwischen dem Mieter und Vermieter ist abgeschlossen, wenn der vom Mieter unterzeichnete Vertrag beim Vermieter eingetroffen ist. Die Anzahlung und die Restzahlung werden im Vertrag festgehalten. Trifft der unterzeichnete Vertrag oder die Anzahlung nicht bis zum vereinbarten Termin beim Vermieter ein, so kann dieser, ohne weitere Ank\u00fcndigung und ohne ersatzpflichtig zu werden, das Objekt anderweitig vermieten.<\/p>\n<p>2. Nebenkosten<br \/>\nDie Nebenkosten (wie Strom, Gas, Heizung usw.) sind im Mietpreis inbegriffen, es sei denn, sie werden im Betrag ausdr\u00fccklich ausgewiesen. Nicht im Mietpreis inbegriffene Nebenkosten werden am Mietende abgerechnet und sind vor der Abreise zu bezahlen.<\/p>\n<p>3. \u00dcbergabe des Mietobjektes, Beanstandungen<br \/>\nDas Mietobjekt wird dem Mieter in sauberem und vertragsgem\u00e4ssem Zustand \u00fcbergeben. Sollten bei der \u00dcbergabe M\u00e4ngel vorhanden oder das Inventar unvollst\u00e4ndig sein, so hat der Mieter dies unverz\u00fcglich beim Vermieter zu r\u00fcgen. Andernfalls gilt das Mietobjekt als in einwandfreiem Zustand \u00fcbergeben. Sollte der Mieter das Objekt versp\u00e4tet oder gar nicht \u00fcbernehmen, bleibt der gesamte Mietpreis geschuldet.<\/p>\n<p>4. Sorgf\u00e4ltiger Gebrauch<br \/>\nDer Mieter verpflichtet sich, das Mietobjekt mit Sorgfalt zu ben\u00fctzen, die Hausordnung einzuhalten und R\u00fccksicht gegen\u00fcber den andern Hausbewohnern und Nachbarn zu nehmen. Bei allf\u00e4lligen Sch\u00e4den usw. ist der Vermieter umgehend zu informieren. Das Mietobjekt darf h\u00f6chstens mit der im Vertrag aufgef\u00fchrten Anzahl Personen belegt werden. Untermiete ist nicht erlaubt. Der Mieter ist daf\u00fcr besorgt, dass die Mitbewohner den Verpflichtungen dieses Vertrages nachkommen. Verst\u00f6sst der Mieter oder Mitbewohner in krasser Weise gegen die Verpflichtungen des sorgf\u00e4ltigen Gebrauchs oder wird die Wohnung mit mehr als der vertraglich vereinbarten Anzahl Personen belegt, kann der Vermieter\/Schl\u00fcsselhalter den Vertrag frist- und entsch\u00e4digungslos aufl\u00f6sen.<\/p>\n<p>5. R\u00fcckgabe des Mietobjektes<br \/>\nDas Mietobjekt ist termingerecht in ordentlichem Zustand samt Inventar zur\u00fcckzugeben. F\u00fcr Besch\u00e4digungen und fehlendes Inventar ist der Mieter ersatzpflichtig.<\/p>\n<p>6. Annullierung<br \/>\nKeine Annullierung m\u00f6glich. Nach Vertragsabschluss ist in jedem Fall der gesamte Mietpreis vom Mieter zu zahlen.<br \/>\nErsatzmieter: Der Mieter hat das Recht einen Ersatzmieter vorzuschlagen. Dieser muss f\u00fcr den Vermieter zumutbar und solvent sein. Er tritt in den Vertrag zu den bestehenden Bedingungen ein. Mieter und Ersatzmieter haften solidarisch f\u00fcr den Mietzins. Bei vorzeitigem Mietabbruch bleibt der gesamte Mietzins geschuldet. Es wird diesbez\u00fcglich der Abschluss einer Annullationsversicherung empfohlen.<\/p>\n<p>7. H\u00f6here Gewalt<br \/>\nVerhindern h\u00f6here Gewalten wie Umweltkatastrophen, Naturgewalt, beh\u00f6rdliche Massnahmen und desgleichen unvorhersehbare oder nicht abwendbare Ereignisse die Vermietung oder deren Fortdauer, ist der Vermieter berechtigt (aber nicht verpflichtet), dem Mieter ein gleichwertiges Ersatzobjekt anzubieten unter Ausschluss von Ersatzforderungen. Kann die Leistung nicht oder nicht in vollem Umfange erbracht werden, wird der bezahlte Betrag oder der entsprechende Anteil r\u00fcckverg\u00fctet unter Ausschluss weiterer Anspr\u00fcche.<\/p>\n<p>8. Haftung<br \/>\nDer Vermieter steht f\u00fcr eine ordnungsgem\u00e4sse Reservation und eine konforme Erf\u00fcllung des Vertrages ein. Bei andern als Personensch\u00e4den ist die Haftung auf den zweifachen Mietzins beschr\u00e4nkt, es sei denn, es liege grobe Fahrl\u00e4ssigkeit oder Vorsatz vor. Die Haftung ist ausgeschlossen f\u00fcr Vers\u00e4umnisse Dritter, h\u00f6herer Gewalt oder Ereignisse, welche der Vermieter, Schl\u00fcsselhalter, Vermittler oder andere vom Vermieter beigezogene Personen trotz gebotener Sorgfalt nicht vorhersehen oder abwenden konnten. Der Mieter haftet f\u00fcr alle Sch\u00e4den, die durch ihn oder Mitbenutzer verursacht werden, das Verschulden wird vermutet.<\/p>\n<p>9. Anwendbares Recht und Gerichtsstand<br \/>\nSchweizerisches Recht ist anwendbar. Als ausschliesslicher Gerichtsstand wird der Ort des Mietobjektes vereinbart.<\/p>\n<p>Ferenberg, 26.10.2025<\/p>\n<p>Beatrice und Christoph Wyler<\/p>\n","protected":false},"excerpt":{"rendered":"<p>Unsere Preise staffeln sich je nach Saison wie folgt: Kalenderwoche 1 CHF 150.- pro Tag Kalenderwoche 2 &#8211; 4 CHF<\/p>\n","protected":false},"author":1,"featured_media":0,"parent":0,"menu_order":0,"comment_status":"closed","ping_status":"closed","template":"","meta":{"ngg_post_thumbnail":0,"footnotes":""},"class_list":["post-32","page","type-page","status-publish","hentry"],"_links":{"self":[{"href":"https:\/\/balmehus.ch\/index.php?rest_route=\/wp\/v2\/pages\/32","targetHints":{"allow":["GET"]}}],"collection":[{"href":"https:\/\/balmehus.ch\/index.php?rest_route=\/wp\/v2\/pages"}],"about":[{"href":"https:\/\/balmehus.ch\/index.php?rest_route=\/wp\/v2\/types\/page"}],"author":[{"embeddable":true,"href":"https:\/\/balmehus.ch\/index.php?rest_route=\/wp\/v2\/users\/1"}],"replies":[{"embeddable":true,"href":"https:\/\/balmehus.ch\/index.php?rest_route=%2Fwp%2Fv2%2Fcomments&post=32"}],"version-history":[{"count":11,"href":"https:\/\/balmehus.ch\/index.php?rest_route=\/wp\/v2\/pages\/32\/revisions"}],"predecessor-version":[{"id":434,"href":"https:\/\/balmehus.ch\/index.php?rest_route=\/wp\/v2\/pages\/32\/revisions\/434"}],"wp:attachment":[{"href":"https:\/\/balmehus.ch\/index.php?rest_route=%2Fwp%2Fv2%2Fmedia&parent=32"}],"curies":[{"name":"wp","href":"https:\/\/api.w.org\/{rel}","templated":true}]}}